{"id":41,"date":"2021-03-09T12:33:55","date_gmt":"2021-03-09T11:33:55","guid":{"rendered":"http:\/\/olimje.si\/?page_id=41"},"modified":"2024-09-01T11:53:45","modified_gmt":"2024-09-01T09:53:45","slug":"pijaca-in-hrana","status":"publish","type":"page","link":"https:\/\/olimje.si\/?page_id=41","title":{"rendered":"Pija\u010da in hrana"},"content":{"rendered":"\r\n<h4><a href=\"https:\/\/www.haler.si\/\" target=\"_blank\" rel=\"noopener\"><strong>DOMA\u010cIJA HALER<\/strong><\/a><\/h4>\r\n<p><img data-recalc-dims=\"1\" fetchpriority=\"high\" decoding=\"async\" title=\"102\" src=\"https:\/\/i0.wp.com\/olimje.si\/wp-content\/uploads\/2021\/03\/102.jpg?resize=800%2C533&#038;ssl=1\" alt=\"102\" width=\"800\" height=\"533\" \/><\/p>\r\n<ul>\r\n<li>sodobno opremljeni pivnici in restavraciji<\/li>\r\n<li>posebne hi\u0161ne specialitete (pe\u010dena kra\u010da z oblogo, plo\u0161\u010da Haler, gola\u017e Haler, pivska klobasa, pivski zrezek s kajmakom \u2026),<\/li>\r\n<li>nudimo velik izbor sladic<\/li>\r\n<li>za najmlaj\u0161e imamo posebne menije<\/li>\r\n<li>ve\u010dje skupine imamo pripravljene posebne menije po ugodnih cenah<\/li>\r\n<li>dolgoletne izku\u0161nje z organizacijo razli\u010dnih dogodkov<\/li>\r\n<li>zasebni gurmanski ve\u010deri<\/li>\r\n<li>veliko brezpla\u010dno parkiri\u0161\u010de<\/li>\r\n<\/ul>\r\n<p><a href=\"https:\/\/www.google.com\/maps\/@46.1452877,15.5769866,3a,75y,194h,86.63t\/data=!3m6!1e1!3m4!1sE4-GGuOKQmGaa4TfpjQoRw!2e0!7i13312!8i6656\" target=\"_blank\" rel=\"noopener\">Googlov pogled\u00a0<\/a><\/p>\r\n<p>Tel:\u00a0<a href=\"tel:0038638121200\">03 812 12 00<\/a> e-po\u0161ta:\u00a0<a href=\"mailto:info@haler.si\" target=\"_blank\" rel=\"noopener\">info@haler.si<\/a><\/p>\r\n<p>www.\u00a0:\u00a0<a href=\"https:\/\/www.haler.si\/\" target=\"_blank\" rel=\"noopener\">www.haler.si\/<\/a><\/p>\r\n<p><a href=\"https:\/\/www.google.com\/maps?daddr=Haler+Homestead\">Navodilo za pot<\/a><\/p>\r\n<hr \/>\r\n<h4><a href=\"https:\/\/www.jelenov-greben.si\/\/\" target=\"_blank\" rel=\"noopener\"><strong>JELENOV GREBEN<\/strong><\/a><\/h4>\r\n<div style=\"width: 640px;\" class=\"wp-video\"><video muted class=\"wp-video-shortcode\" id=\"video-41-1\" width=\"640\" height=\"360\" loop autoplay preload=\"metadata\" controls=\"controls\"><source type=\"video\/mp4\" src=\"https:\/\/olimje.si\/wp-content\/uploads\/2021\/03\/jezevnik-hrana.mp4?_=1\" \/><a href=\"https:\/\/olimje.si\/wp-content\/uploads\/2021\/03\/jezevnik-hrana.mp4\">https:\/\/olimje.si\/wp-content\/uploads\/2021\/03\/jezevnik-hrana.mp4<\/a><\/video><\/div>\r\n<ul>\r\n<li>\u00a0jedi po naro\u010dilu<\/li>\r\n<li>pripravljeni jedilniki ob vikendih<\/li>\r\n<li>znani po divja\u010dinskih in gobjih specialitetah<\/li>\r\n<li>tradicionalne slovenske jedi<\/li>\r\n<li>na voljo vinska karta z bogato izbiro vrhunskih kapljic iz vseh slovenskih regij.<\/li>\r\n<\/ul>\r\n<p><a href=\"https:\/\/www.google.com\/maps\/@46.1470477,15.560566,3a,75y,289.64h,95.4t\/data=!3m6!1e1!3m4!1sAF1QipPXi3LIOYoblnVMXB0wpQkAYfFMw93OVunZ-jg5!2e10!7i10000!8i5000\" target=\"_blank\" rel=\"noopener\">Googlov pogled\u00a0<\/a><\/p>\r\n<p>Tel:\u00a0<a href=\"tel:0038635829046\">03 582 90 46<\/a> e-po\u0161ta:\u00a0<a href=\"mailto:info@jelenov-greben.si\">info@jelenov-greben.si<\/a><\/p>\r\n<p>www:<a href=\"https:\/\/www.jelenov-greben.si\/\" target=\"_blank\" rel=\"noopener\">www.jelenov-greben.si<\/a><\/p>\r\n<p><a href=\"https:\/\/www.google.com\/maps?daddr=Jelenov+Greben,+Olimje+90,+3254+Pod%C4%8Detrtek\">Navodilo za pot<\/a><\/p>\r\n<hr \/>\r\n<h4><a href=\"https:\/\/www.amon.si\/\" target=\"_blank\" rel=\"noopener\"><strong>DOMA\u010cIJA AMON<\/strong><\/a><\/h4>\r\n<div style=\"width: 640px;\" class=\"wp-video\"><video muted class=\"wp-video-shortcode\" id=\"video-41-2\" width=\"640\" height=\"360\" loop autoplay preload=\"metadata\" controls=\"controls\"><source type=\"video\/mp4\" src=\"https:\/\/olimje.si\/wp-content\/uploads\/2021\/03\/restavracijaAmon.mp4?_=2\" \/><a href=\"https:\/\/olimje.si\/wp-content\/uploads\/2021\/03\/restavracijaAmon.mp4\">https:\/\/olimje.si\/wp-content\/uploads\/2021\/03\/restavracijaAmon.mp4<\/a><\/video><\/div>\r\n<ul>\r\n<li>Vsa pripravljena hrana je naravna in skrbno pripravljena s tradicijo in znanjem.<\/li>\r\n<li>postre\u017eemo najbolj\u0161o hrano iz na\u0161e kuhinje<\/li>\r\n<li>\u00a0gostilna\u00a0 je opremljena v rustikalnem slogu vinske kleti s pristno vinarsko kulturno dedi\u0161\u010dino, ki je zelo bogata v okolici Vir\u0161tanja<\/li>\r\n<li>\u0161iroko paleto izvirnih kulinari\u010dnih dobrot in vina iz na\u0161e lastne proizvodnje<\/li>\r\n<li>certifikat ekolo\u0161ke restavracije in je prva ekolo\u0161ko certificirana restavracija v Sloveniji<\/li>\r\n<li>\u00a0ponudba je sestavljena iz treh delov: dnevne ponudbe, sezonske ponudbe in klasi\u010dne a la carte ponudb<\/li>\r\n<\/ul>\r\n<p><a href=\"https:\/\/www.google.com\/maps\/@46.1444019,15.5645956,3a,75y,273.7h,89.24t\/data=!3m6!1e1!3m4!1sk4YPb1dggVALvpfhBgI6XQ!2e0!7i13312!8i6656\" target=\"_blank\" rel=\"noopener\">Googlov pogled\u00a0<\/a><\/p>\r\n<p>Tel:\u00a0<a href=\"tel:0038638182480\">03 818 24 80<\/a> e-po\u0161ta:\u00a0<a title=\"info@amon.si\" href=\"mailto:info@amon.si\">info@amon.si<\/a><\/p>\r\n<p>www.\u00a0:\u00a0<a href=\"https:\/\/www.amon.si\/\" target=\"_blank\" rel=\"noopener\">www.amon.si<\/a><\/p>\r\n<p><a href=\"https:\/\/www.google.com\/maps?daddr=Restavracija+Amon\">Navodilo za pot<\/a><\/p>\r\n<hr \/>\r\n<h4><a href=\"http:\/\/cokoladnica-olimje.si\/\" target=\"_blank\" rel=\"noopener\"><strong>\u010cOKOLADNICA OLIMJE<\/strong><\/a><\/h4>\r\n<div style=\"width: 640px;\" class=\"wp-video\"><video muted class=\"wp-video-shortcode\" id=\"video-41-3\" width=\"640\" height=\"360\" loop autoplay preload=\"metadata\" controls=\"controls\"><source type=\"video\/mp4\" src=\"https:\/\/olimje.si\/wp-content\/uploads\/2021\/03\/cokoladnica-hrana.mp4?_=3\" \/><a href=\"https:\/\/olimje.si\/wp-content\/uploads\/2021\/03\/cokoladnica-hrana.mp4\">https:\/\/olimje.si\/wp-content\/uploads\/2021\/03\/cokoladnica-hrana.mp4<\/a><\/video><\/div>\r\n<ul>\r\n<li dir=\"auto\">spodnjem pritli\u010dju stare ljudske \u0161ole sta dva butika polno \u010dokoladnih izdelkov<\/li>\r\n<li dir=\"auto\">na izbiro je ogromno razli\u010dnih \u010dokolad<\/li>\r\n<li dir=\"auto\">bonboniere, tabli\u010dne \u010dokolade z ali brez okusa<\/li>\r\n<li dir=\"auto\">bogata izbira pralin iz vitrine, kjer si lahko poljubno izberete okuse od nugata, oblito sadje ali sadne okuse, marcipan, alkohol, nasekljan le\u0161nik in marelica, \u010dokolada z le\u0161niki, ri\u017eevo \u010dokolado&#8230;.<\/li>\r\n<li dir=\"auto\">pred \u010cokoladnico se lahko usedete in degustirate \u010dokoladne dobrote<\/li>\r\n<\/ul>\r\n<p><a href=\"https:\/\/www.google.com\/maps\/@46.150637,15.5641438,3a,75y,310.41h,100.62t\/data=!3m7!1e1!3m5!1sAF1QipNTNz8iF9mlXf4QlZ21c3mwxrn-EREaaawyUHAj!2e10!3e12!7i11111!8i5556\" target=\"_blank\" rel=\"noopener\">Googlov pogled\u00a0<\/a> Tel:\u00a0<a href=\"tel:0038638109036\">03 810 90 36<\/a> e-po\u0161ta:\u00a0<a href=\"mailto:info@cokoladnica-olimje.si\" target=\"_blank\" rel=\"noopener\">info@cokoladnica-olimje.si<\/a> www.\u00a0:\u00a0<a href=\"http:\/\/cokoladnica-olimje.si\/\" target=\"_blank\" rel=\"noopener\">cokoladnica-olimje.si<\/a><\/p>\r\n<p><a href=\"https:\/\/www.google.com\/maps?daddr=%C4%8Cokoladnica+Olimje,+Olimje+61,+3254+Pod%C4%8Detrtek\">Navodilo za pot<\/a><\/p>\r\n<hr \/>\r\n<p><a href=\"https:\/\/www.amon.si\/restavracija\/podezelski-salon\" target=\"_blank\" rel=\"noopener\"><strong>COUNTRY SALON AMON<\/strong><\/a><\/p>\r\n<div style=\"width: 640px;\" class=\"wp-video\"><video muted class=\"wp-video-shortcode\" id=\"video-41-4\" width=\"640\" height=\"360\" loop autoplay preload=\"metadata\" controls=\"controls\"><source type=\"video\/mp4\" src=\"https:\/\/olimje.si\/wp-content\/uploads\/2021\/03\/saloonAmon-1.mp4?_=4\" \/><a href=\"https:\/\/olimje.si\/wp-content\/uploads\/2021\/03\/saloonAmon-1.mp4\">https:\/\/olimje.si\/wp-content\/uploads\/2021\/03\/saloonAmon-1.mp4<\/a><\/video><\/div>\r\n<ul>\r\n<li>opremljena v zahodnja\u0161kem western stilu kot spomin na konje, ki smo jih v na\u0161i hi\u0161i imeli pred 100. let<\/li>\r\n<li>salon ima veliko in pokrito teraso, kjer se lahko sprostite ob dobri pija\u010di in poslu\u0161anju pti\u010djega petja<\/li>\r\n<li>Country saloon je prav tako idealen prostor za zabave na odprtem, piknike, team buildinge in glasbene ve\u010dere ob koktajlih<\/li>\r\n<\/ul>\r\n<p><a href=\"https:\/\/www.google.com\/maps\/@46.144325,15.5645213,3a,24.7y,227.05h,93.53t\/data=!3m8!1e1!3m6!1sAF1QipNK13c0nwuawWbODoQkNGEur5YXpmSselnL__XQ!2e10!3e11!6shttps:%2F%2Flh5.googleusercontent.com%2Fp%2FAF1QipNK13c0nwuawWbODoQkNGEur5YXpmSselnL__XQ%3Dw203-h100-k-no-pi-0-ya210.32477-ro0-fo100!7i10000!8i5000\" target=\"_blank\" rel=\"noopener\">Googlov pogled\u00a0<\/a><\/p>\r\n<p>Tel:\u00a0<a href=\"tel:0038638182480\">03 818 24 80<\/a> e-po\u0161ta:\u00a0<a title=\"info@amon.si\" href=\"mailto:info@amon.si\">info@amon.si<\/a> www.\u00a0:\u00a0<a href=\"https:\/\/www.amon.si\/\" target=\"_blank\" rel=\"noopener\">www.amon.si<\/a><\/p>\r\n<p><a href=\"https:\/\/www.google.com\/maps?daddr=Restavracija+Amon\">Navodilo za pot<\/a><\/p>\r\n<hr \/>\r\n<h4><a href=\"https:\/\/www.jelenov-greben.si\/\" target=\"_blank\" rel=\"noopener\"><strong>\u010cajnica in kavarna Pod grebenom\u00a0<\/strong><\/a><\/h4>\r\n<p><img data-recalc-dims=\"1\" decoding=\"async\" title=\"podgrebenom2020\" src=\"https:\/\/i0.wp.com\/olimje.si\/wp-content\/uploads\/2021\/03\/podgrebenom2020-scaled.jpg?resize=930%2C620&#038;ssl=1\" alt=\"podgrebenom2020\" width=\"930\" height=\"620\" \/><\/p>\r\n<ul>\r\n<li>se nahaja v samem centru Olimja,<\/li>\r\n<li>doma\u010di \u010daji na\u0161ih patrov iz Olimja, ki si jih pripravite sami v \u010dajnem koti\u010dku.<\/li>\r\n<li>doma\u010di sokovi, vino in lokalno pivo.<\/li>\r\n<li>strmijo k temu, da je lokalno najbolj\u0161e.<\/li>\r\n<li>posladkate se lahko z odli\u010dnimi hi\u0161nimi sladicami in sladoledom.<\/li>\r\n<li>doma\u010di narezki.<\/li>\r\n<li>nudi samo doma\u010de izdelke<\/li>\r\n<\/ul>\r\n<p><a href=\"https:\/\/www.google.com\/maps\/@46.149562,15.5628269,3a,75y,9.05h,91.11t\/data=!3m8!1e1!3m6!1sAF1QipMK2GaJVm8ZvrU0-uWw3HDyEMU3nJ2lvVpnb7Bg!2e10!3e11!6shttps:%2F%2Flh5.googleusercontent.com%2Fp%2FAF1QipMK2GaJVm8ZvrU0-uWw3HDyEMU3nJ2lvVpnb7Bg%3Dw203-h100-k-no-pi-0-ya92.30895-ro-0-fo100!7i10000!8i5000\" target=\"_blank\" rel=\"noopener\">Googlov pogled\u00a0<\/a><\/p>\r\n<p>Tel:\u00a0<a href=\"tel:0038635829046\">03 582 90 46<\/a> e-po\u0161ta:\u00a0<a href=\"mailto:info@jelenov-greben.si\">info@jelenov-greben.si<\/a><\/p>\r\n<p>www:<a href=\"https:\/\/www.jelenov-greben.si\/\" target=\"_blank\" rel=\"noopener\">www.jelenov-greben.si<\/a><\/p>\r\n<p><a href=\"https:\/\/www.google.com\/maps?daddr=Pod+grebenom\">Navodilo za pot<\/a><\/p>\r\n<hr \/>\r\n<p>&nbsp;<\/p>\r\n","protected":false},"excerpt":{"rendered":"<p>DOMA\u010cIJA HALER sodobno opremljeni pivnici in restavraciji posebne hi\u0161ne specialitete (pe\u010dena kra\u010da z oblogo, plo\u0161\u010da Haler, gola\u017e Haler, pivska klobasa, pivski zrezek s kajmakom \u2026), nudimo velik izbor sladic za najmlaj\u0161e imamo posebne menije ve\u010dje skupine imamo pripravljene posebne menije po ugodnih cenah dolgoletne izku\u0161nje z organizacijo razli\u010dnih dogodkov zasebni [&hellip;]<\/p>\n","protected":false},"author":1,"featured_media":0,"parent":0,"menu_order":0,"comment_status":"closed","ping_status":"closed","template":"","meta":{"om_disable_all_campaigns":false,"_monsterinsights_skip_tracking":false,"_monsterinsights_sitenote_active":false,"_monsterinsights_sitenote_note":"","_monsterinsights_sitenote_category":0,"_uf_show_specific_survey":0,"_uf_disable_surveys":false,"inspiro_page_layout":"narrow","inspiro_hide_title":false,"footnotes":""},"olimje":[],"class_list":["post-41","page","type-page","status-publish","hentry"],"yoast_head":"<!-- This site is optimized with the Yoast SEO plugin v27.4 - https:\/\/yoast.com\/product\/yoast-seo-wordpress\/ -->\n<title>Pija\u010da in hrana - OLIMJE - Zlati vas Evrope 2009<\/title>\n<meta name=\"description\" content=\"Olimje zlata vas, ki ne razo\u010dara. Gostilne s svojo bo\u017eansko kulinariko in razli\u010dno ponudbo. \u010cokolada, salame, divjad, kra\u010de, doma\u010da hrana in pivo.\" \/>\n<meta name=\"robots\" content=\"index, follow, max-snippet:-1, max-image-preview:large, max-video-preview:-1\" \/>\n<link rel=\"canonical\" href=\"https:\/\/olimje.si\/?page_id=41\" \/>\n<meta property=\"og:locale\" content=\"sl_SI\" \/>\n<meta property=\"og:type\" content=\"article\" \/>\n<meta property=\"og:title\" content=\"Pija\u010da in hrana - OLIMJE - Zlati vas Evrope 2009\" \/>\n<meta property=\"og:description\" content=\"Olimje zlata vas, ki ne razo\u010dara. Gostilne s svojo bo\u017eansko kulinariko in razli\u010dno ponudbo. \u010cokolada, salame, divjad, kra\u010de, doma\u010da hrana in pivo.\" \/>\n<meta property=\"og:url\" content=\"https:\/\/olimje.si\/?page_id=41\" \/>\n<meta property=\"og:site_name\" content=\"OLIMJE - Zlati vas Evrope 2009\" \/>\n<meta property=\"article:modified_time\" content=\"2024-09-01T09:53:45+00:00\" \/>\n<meta property=\"og:image\" content=\"https:\/\/olimje.si\/wp-content\/uploads\/2021\/03\/102.jpg\" \/>\n<meta name=\"twitter:card\" content=\"summary_large_image\" \/>\n<meta name=\"twitter:label1\" content=\"Est. reading time\" \/>\n\t<meta name=\"twitter:data1\" content=\"3 minute\" \/>\n<script type=\"application\/ld+json\" class=\"yoast-schema-graph\">{\"@context\":\"https:\\\/\\\/schema.org\",\"@graph\":[{\"@type\":\"WebPage\",\"@id\":\"https:\\\/\\\/olimje.si\\\/?page_id=41\",\"url\":\"https:\\\/\\\/olimje.si\\\/?page_id=41\",\"name\":\"Pija\u010da in hrana - OLIMJE - Zlati vas Evrope 2009\",\"isPartOf\":{\"@id\":\"https:\\\/\\\/olimje.si\\\/#website\"},\"primaryImageOfPage\":{\"@id\":\"https:\\\/\\\/olimje.si\\\/?page_id=41#primaryimage\"},\"image\":{\"@id\":\"https:\\\/\\\/olimje.si\\\/?page_id=41#primaryimage\"},\"thumbnailUrl\":\"https:\\\/\\\/olimje.si\\\/wp-content\\\/uploads\\\/2021\\\/03\\\/102.jpg\",\"datePublished\":\"2021-03-09T11:33:55+00:00\",\"dateModified\":\"2024-09-01T09:53:45+00:00\",\"description\":\"Olimje zlata vas, ki ne razo\u010dara. Gostilne s svojo bo\u017eansko kulinariko in razli\u010dno ponudbo. \u010cokolada, salame, divjad, kra\u010de, doma\u010da hrana in pivo.\",\"breadcrumb\":{\"@id\":\"https:\\\/\\\/olimje.si\\\/?page_id=41#breadcrumb\"},\"inLanguage\":\"sl-SI\",\"potentialAction\":[{\"@type\":\"ReadAction\",\"target\":[\"https:\\\/\\\/olimje.si\\\/?page_id=41\"]}]},{\"@type\":\"ImageObject\",\"inLanguage\":\"sl-SI\",\"@id\":\"https:\\\/\\\/olimje.si\\\/?page_id=41#primaryimage\",\"url\":\"https:\\\/\\\/i0.wp.com\\\/olimje.si\\\/wp-content\\\/uploads\\\/2021\\\/03\\\/102.jpg?fit=800%2C533&ssl=1\",\"contentUrl\":\"https:\\\/\\\/i0.wp.com\\\/olimje.si\\\/wp-content\\\/uploads\\\/2021\\\/03\\\/102.jpg?fit=800%2C533&ssl=1\",\"width\":800,\"height\":533},{\"@type\":\"BreadcrumbList\",\"@id\":\"https:\\\/\\\/olimje.si\\\/?page_id=41#breadcrumb\",\"itemListElement\":[{\"@type\":\"ListItem\",\"position\":1,\"name\":\"Home\",\"item\":\"https:\\\/\\\/olimje.si\\\/\"},{\"@type\":\"ListItem\",\"position\":2,\"name\":\"Pija\u010da in hrana\"}]},{\"@type\":\"WebSite\",\"@id\":\"https:\\\/\\\/olimje.si\\\/#website\",\"url\":\"https:\\\/\\\/olimje.si\\\/\",\"name\":\"Olimje\",\"description\":\"Olimje zlata vas Evrope, nepozabno do\u017eivetje\",\"potentialAction\":[{\"@type\":\"SearchAction\",\"target\":{\"@type\":\"EntryPoint\",\"urlTemplate\":\"https:\\\/\\\/olimje.si\\\/?s={search_term_string}\"},\"query-input\":{\"@type\":\"PropertyValueSpecification\",\"valueRequired\":true,\"valueName\":\"search_term_string\"}}],\"inLanguage\":\"sl-SI\"}]}<\/script>\n<!-- \/ Yoast SEO plugin. -->","yoast_head_json":{"title":"Pija\u010da in hrana - OLIMJE - Zlati vas Evrope 2009","description":"Olimje zlata vas, ki ne razo\u010dara. Gostilne s svojo bo\u017eansko kulinariko in razli\u010dno ponudbo. \u010cokolada, salame, divjad, kra\u010de, doma\u010da hrana in pivo.","robots":{"index":"index","follow":"follow","max-snippet":"max-snippet:-1","max-image-preview":"max-image-preview:large","max-video-preview":"max-video-preview:-1"},"canonical":"https:\/\/olimje.si\/?page_id=41","og_locale":"sl_SI","og_type":"article","og_title":"Pija\u010da in hrana - OLIMJE - Zlati vas Evrope 2009","og_description":"Olimje zlata vas, ki ne razo\u010dara. Gostilne s svojo bo\u017eansko kulinariko in razli\u010dno ponudbo. \u010cokolada, salame, divjad, kra\u010de, doma\u010da hrana in pivo.","og_url":"https:\/\/olimje.si\/?page_id=41","og_site_name":"OLIMJE - Zlati vas Evrope 2009","article_modified_time":"2024-09-01T09:53:45+00:00","og_image":[{"url":"https:\/\/olimje.si\/wp-content\/uploads\/2021\/03\/102.jpg","type":"","width":"","height":""}],"twitter_card":"summary_large_image","twitter_misc":{"Est. reading time":"3 minute"},"schema":{"@context":"https:\/\/schema.org","@graph":[{"@type":"WebPage","@id":"https:\/\/olimje.si\/?page_id=41","url":"https:\/\/olimje.si\/?page_id=41","name":"Pija\u010da in hrana - OLIMJE - Zlati vas Evrope 2009","isPartOf":{"@id":"https:\/\/olimje.si\/#website"},"primaryImageOfPage":{"@id":"https:\/\/olimje.si\/?page_id=41#primaryimage"},"image":{"@id":"https:\/\/olimje.si\/?page_id=41#primaryimage"},"thumbnailUrl":"https:\/\/olimje.si\/wp-content\/uploads\/2021\/03\/102.jpg","datePublished":"2021-03-09T11:33:55+00:00","dateModified":"2024-09-01T09:53:45+00:00","description":"Olimje zlata vas, ki ne razo\u010dara. Gostilne s svojo bo\u017eansko kulinariko in razli\u010dno ponudbo. \u010cokolada, salame, divjad, kra\u010de, doma\u010da hrana in pivo.","breadcrumb":{"@id":"https:\/\/olimje.si\/?page_id=41#breadcrumb"},"inLanguage":"sl-SI","potentialAction":[{"@type":"ReadAction","target":["https:\/\/olimje.si\/?page_id=41"]}]},{"@type":"ImageObject","inLanguage":"sl-SI","@id":"https:\/\/olimje.si\/?page_id=41#primaryimage","url":"https:\/\/i0.wp.com\/olimje.si\/wp-content\/uploads\/2021\/03\/102.jpg?fit=800%2C533&ssl=1","contentUrl":"https:\/\/i0.wp.com\/olimje.si\/wp-content\/uploads\/2021\/03\/102.jpg?fit=800%2C533&ssl=1","width":800,"height":533},{"@type":"BreadcrumbList","@id":"https:\/\/olimje.si\/?page_id=41#breadcrumb","itemListElement":[{"@type":"ListItem","position":1,"name":"Home","item":"https:\/\/olimje.si\/"},{"@type":"ListItem","position":2,"name":"Pija\u010da in hrana"}]},{"@type":"WebSite","@id":"https:\/\/olimje.si\/#website","url":"https:\/\/olimje.si\/","name":"Olimje","description":"Olimje zlata vas Evrope, nepozabno do\u017eivetje","potentialAction":[{"@type":"SearchAction","target":{"@type":"EntryPoint","urlTemplate":"https:\/\/olimje.si\/?s={search_term_string}"},"query-input":{"@type":"PropertyValueSpecification","valueRequired":true,"valueName":"search_term_string"}}],"inLanguage":"sl-SI"}]}},"jetpack_sharing_enabled":true,"_links":{"self":[{"href":"https:\/\/olimje.si\/index.php?rest_route=\/wp\/v2\/pages\/41","targetHints":{"allow":["GET"]}}],"collection":[{"href":"https:\/\/olimje.si\/index.php?rest_route=\/wp\/v2\/pages"}],"about":[{"href":"https:\/\/olimje.si\/index.php?rest_route=\/wp\/v2\/types\/page"}],"author":[{"embeddable":true,"href":"https:\/\/olimje.si\/index.php?rest_route=\/wp\/v2\/users\/1"}],"replies":[{"embeddable":true,"href":"https:\/\/olimje.si\/index.php?rest_route=%2Fwp%2Fv2%2Fcomments&post=41"}],"version-history":[{"count":38,"href":"https:\/\/olimje.si\/index.php?rest_route=\/wp\/v2\/pages\/41\/revisions"}],"predecessor-version":[{"id":442,"href":"https:\/\/olimje.si\/index.php?rest_route=\/wp\/v2\/pages\/41\/revisions\/442"}],"wp:attachment":[{"href":"https:\/\/olimje.si\/index.php?rest_route=%2Fwp%2Fv2%2Fmedia&parent=41"}],"wp:term":[{"taxonomy":"olimje","embeddable":true,"href":"https:\/\/olimje.si\/index.php?rest_route=%2Fwp%2Fv2%2Folimje&post=41"}],"curies":[{"name":"wp","href":"https:\/\/api.w.org\/{rel}","templated":true}]}}